{"id":103,"date":"2023-01-25T21:20:32","date_gmt":"2023-01-25T21:20:32","guid":{"rendered":"http:\/\/kzv-suedeifel.de\/?page_id=103"},"modified":"2025-09-25T19:59:30","modified_gmt":"2025-09-25T19:59:30","slug":"senioren","status":"publish","type":"page","link":"http:\/\/kzv-suedeifel.de\/en\/senioren\/","title":{"rendered":"Senioren"},"content":{"rendered":"<div class=\"is-layout-constrained wp-block-group\"><div class=\"wp-block-group__inner-container\">\n<div class=\"is-layout-constrained wp-block-group\"><div class=\"wp-block-group__inner-container\">\n<div class=\"is-layout-constrained wp-block-group\"><div class=\"wp-block-group__inner-container\">\n<div class=\"is-layout-constrained wp-block-group\"><div class=\"wp-block-group__inner-container\">\n<figure class=\"wp-block-table is-style-stripes has-small-font-size\"><table class=\"has-white-background-color has-background\"><tbody><tr><td class=\"has-text-align-center\" data-align=\"center\"><strong>Kassierer<\/strong>,<br><strong>Jugendwart<\/strong><\/td><td class=\"has-text-align-center\" data-align=\"center\"><img decoding=\"async\" loading=\"lazy\" width=\"750\" height=\"563\" class=\"wp-image-191\" style=\"width: 150px;\" src=\"https:\/\/i0.wp.com\/kzv-suedeifel.de\/wp-content\/uploads\/2023\/01\/AlbertB.jpg?resize=750%2C563\" alt=\"\" srcset=\"https:\/\/i0.wp.com\/kzv-suedeifel.de\/wp-content\/uploads\/2023\/01\/AlbertB.jpg?w=2048 2048w, https:\/\/i0.wp.com\/kzv-suedeifel.de\/wp-content\/uploads\/2023\/01\/AlbertB.jpg?resize=300%2C225 300w, https:\/\/i0.wp.com\/kzv-suedeifel.de\/wp-content\/uploads\/2023\/01\/AlbertB.jpg?resize=1024%2C768 1024w, https:\/\/i0.wp.com\/kzv-suedeifel.de\/wp-content\/uploads\/2023\/01\/AlbertB.jpg?resize=768%2C576 768w, https:\/\/i0.wp.com\/kzv-suedeifel.de\/wp-content\/uploads\/2023\/01\/AlbertB.jpg?resize=1536%2C1152 1536w\" sizes=\"(max-width: 750px) 100vw, 750px\" data-recalc-dims=\"1\" \/><\/td><td class=\"has-text-align-center\" data-align=\"center\"><strong>Bales Albert<\/strong><br>Herderstra\u00dfe 8, <br>54636 Oberweis<br><br>Tel.: 0151\/24028120<br><a rel=\"noreferrer noopener\" href=\"mailto:a.bales@web.de\" target=\"_blank\">a.bales@web.de<\/a><\/td><td class=\"has-text-align-center\" data-align=\"center\">Dalmatinerrex <br>Schwarz-wei\u00df <a href=\"https:\/\/www.kaninchenrassen.info\/kaninchen\/kurzhaarrassen\/dalmatiner-rexe\/dalmatiner-rexe-schwarz-weiss.php\">I<\/a><a href=\"https:\/\/www.kaninchenrassen.info\/kaninchen\/kurzhaarrassen\/dalmatiner-rexe\/dalmatiner-rexe-schwarz-weiss.php\" target=\"_blank\" rel=\"noreferrer noopener\">nfo<\/a><\/td><\/tr><tr><td class=\"has-text-align-center\" data-align=\"center\"><strong>2. Vorsitzender<br><br>T\u00e4towiermeister S\u00fcdbereich<\/strong><\/td><td class=\"has-text-align-center\" data-align=\"center\"><img decoding=\"async\" loading=\"lazy\" width=\"750\" height=\"563\" class=\"wp-image-196\" style=\"width: 150px;\" src=\"https:\/\/i0.wp.com\/kzv-suedeifel.de\/wp-content\/uploads\/2023\/01\/WolfgangB.jpg?resize=750%2C563\" alt=\"\" srcset=\"https:\/\/i0.wp.com\/kzv-suedeifel.de\/wp-content\/uploads\/2023\/01\/WolfgangB.jpg?w=2048 2048w, https:\/\/i0.wp.com\/kzv-suedeifel.de\/wp-content\/uploads\/2023\/01\/WolfgangB.jpg?resize=300%2C225 300w, https:\/\/i0.wp.com\/kzv-suedeifel.de\/wp-content\/uploads\/2023\/01\/WolfgangB.jpg?resize=1024%2C768 1024w, https:\/\/i0.wp.com\/kzv-suedeifel.de\/wp-content\/uploads\/2023\/01\/WolfgangB.jpg?resize=768%2C576 768w, https:\/\/i0.wp.com\/kzv-suedeifel.de\/wp-content\/uploads\/2023\/01\/WolfgangB.jpg?resize=1536%2C1152 1536w\" sizes=\"(max-width: 750px) 100vw, 750px\" data-recalc-dims=\"1\" \/><\/td><td class=\"has-text-align-center\" data-align=\"center\"><strong>Barthel Wolfgang<\/strong><br>M\u00fchlenweg 30, <br>54675 Roth an der Our<br><br>Tel.: 06566\/491<br><a rel=\"noreferrer noopener\" href=\"mailto:Barthel-Roth@t-online.de\" target=\"_blank\">Barthel-Roth@t-online.de<\/a><\/td><td class=\"has-text-align-center\" data-align=\"center\">Riesenschecke <br>schwarz-wei\u00df <a rel=\"noreferrer noopener\" href=\"https:\/\/www.kaninchenrassen.info\/kaninchen\/grossemittelgrosse-rassen\/deutsche-riesenschecken\/deutsche-riesenschecken-schwarz-weiss.php\" target=\"_blank\">Info<\/a><br><br>Lohkaninchen schwarz <a rel=\"noreferrer noopener\" href=\"https:\/\/www.kaninchenrassen.info\/kaninchen\/kleine-rassen\/lohkaninchen\/lohkaninchen-schwarz.php\" target=\"_blank\">Info<\/a><\/td><\/tr><tr><td class=\"has-text-align-center\" data-align=\"center\"><strong>T\u00e4towiermeister Nordbereich<\/strong><\/td><td class=\"has-text-align-center\" data-align=\"center\"><\/td><td class=\"has-text-align-center\" data-align=\"center\"><strong>Huppertz Horst<\/strong><br>Luxemburgerstra\u00dfe 57,<br>B-4780 St. Vith<br><br>Tel.: 0032\/472279057<br><a rel=\"noreferrer noopener\" href=\"mailto:horst.huppertz@gmail.com\" target=\"_blank\">horst.huppertz@gmail.com<\/a><br><br><a rel=\"noreferrer noopener\" href=\"https:\/\/www.facebook.com\/horst.huppertz.1\" target=\"_blank\">Facebook<\/a><\/td><td class=\"has-text-align-center\" data-align=\"center\">Zwergwidder Rex blau <a href=\"https:\/\/www.kaninchenrassen.info\/kaninchen\/kurzhaarrassen\/neuzuechtungen\/zwergwidder-rexe-blau.php\" data-type=\"URL\" data-id=\"https:\/\/www.kaninchenrassen.info\/kaninchen\/kurzhaarrassen\/neuzuechtungen\/zwergwidder-rexe-blau.php\">Info<\/a><br><br>Zwergwidder Rex wei\u00df BA <a href=\"https:\/\/www.kaninchenrassen.info\/kaninchen\/kurzhaarrassen\/neuzuechtungen\/zwergwidder-rexe-weiss-blauauge.php\" data-type=\"URL\" data-id=\"https:\/\/www.kaninchenrassen.info\/kaninchen\/kurzhaarrassen\/neuzuechtungen\/zwergwidder-rexe-weiss-blauauge.php\">Info<\/a><br><br>Farbenzwerg wildfarben(Standard Deutschland) <a rel=\"noreferrer noopener\" href=\"https:\/\/www.kaninchenrassen.info\/kaninchen\/zwergrassen\/farbenzwerge\/farbenzwerge-wildfarben-grau.php\" target=\"_blank\">Info<\/a><br><br>Farbenzwerg eisengrau(Standard Deutschland) <a rel=\"noreferrer noopener\" href=\"https:\/\/www.kaninchenrassen.info\/kaninchen\/zwergrassen\/farbenzwerge\/farbenzwerge-eisengrau.php\" target=\"_blank\">Info<\/a><br><br>Farbenzwerg dunkelgrau(Standard Deutschland) <a rel=\"noreferrer noopener\" href=\"https:\/\/www.kaninchenrassen.info\/kaninchen\/zwergrassen\/farbenzwerge\/farbenzwerge-dunkelgrau.php\" target=\"_blank\">Info<\/a><br><br>Farbenzwerg schwarz(Standard Deutschland) <a rel=\"noreferrer noopener\" href=\"https:\/\/www.kaninchenrassen.info\/kaninchen\/zwergrassen\/farbenzwerge\/farbenzwerge-schwarz.php\" target=\"_blank\">Info<\/a><\/td><\/tr><tr><td class=\"has-text-align-center\" data-align=\"center\"><strong>1. Vorsitzender,<br><br>kommesarischer Schriftf\u00fchrer,<br><br>Webmaster<\/strong><\/td><td class=\"has-text-align-center\" data-align=\"center\"><img decoding=\"async\" loading=\"lazy\" width=\"750\" height=\"563\" class=\"wp-image-198\" style=\"width: 150px;\" src=\"https:\/\/i0.wp.com\/kzv-suedeifel.de\/wp-content\/uploads\/2023\/01\/FrankM.jpg?resize=750%2C563\" alt=\"\" srcset=\"https:\/\/i0.wp.com\/kzv-suedeifel.de\/wp-content\/uploads\/2023\/01\/FrankM.jpg?w=2048 2048w, https:\/\/i0.wp.com\/kzv-suedeifel.de\/wp-content\/uploads\/2023\/01\/FrankM.jpg?resize=300%2C225 300w, https:\/\/i0.wp.com\/kzv-suedeifel.de\/wp-content\/uploads\/2023\/01\/FrankM.jpg?resize=1024%2C768 1024w, https:\/\/i0.wp.com\/kzv-suedeifel.de\/wp-content\/uploads\/2023\/01\/FrankM.jpg?resize=768%2C576 768w, https:\/\/i0.wp.com\/kzv-suedeifel.de\/wp-content\/uploads\/2023\/01\/FrankM.jpg?resize=1536%2C1152 1536w\" sizes=\"(max-width: 750px) 100vw, 750px\" data-recalc-dims=\"1\" \/><\/td><td class=\"has-text-align-center\" data-align=\"center\"><strong>Marxen Frank<\/strong><br>Am Forst 18, <br>54597 Rommersheim <br><br>Tel.: 06551\/980744<br>marxen.f.rassezucht@gmx.net <br><br><a rel=\"noreferrer noopener\" href=\"https:\/\/www.facebook.com\/rassezuchtFmarxen\" target=\"_blank\">Facebook<\/a><br><a rel=\"noreferrer noopener\" href=\"https:\/\/www.instagram.com\/rassezucht_f_marxen\/\" target=\"_blank\">Instagram<\/a><\/td><td class=\"has-text-align-center\" data-align=\"center\">Kleinrex castorfarbig <a rel=\"noreferrer noopener\" href=\"https:\/\/www.kaninchenrassen.info\/kaninchen\/kurzhaarrassen\/klein-rexe\/klein-rexe-castorfarbig.php\" target=\"_blank\">Info<\/a> <br><br>Zwergrex castorfarbig <a href=\"https:\/\/www.kaninchenrassen.info\/kaninchen\/kurzhaarrassen\/zwerg-rexe\/zwerg-rexe-castorfarbig.php\" data-type=\"URL\" data-id=\"https:\/\/www.kaninchenrassen.info\/kaninchen\/kurzhaarrassen\/zwerg-rexe\/zwerg-rexe-castorfarbig.php\">Info<\/a><\/td><\/tr><tr><td class=\"has-text-align-center\" data-align=\"center\"><br><\/td><td class=\"has-text-align-center\" data-align=\"center\"><\/td><td class=\"has-text-align-center\" data-align=\"center\"><strong>M\u00fcller Wilfried<\/strong><br>Auf der J\u00fccht 1,<br>53947 Nettersheim-Pesch<br><br>Tel.: 0177\/3780137<br>wiesengrund-pesch@t-online.de<\/td><td class=\"has-text-align-center\" data-align=\"center\">Sachsengold <a rel=\"noreferrer noopener\" href=\"https:\/\/www.kaninchenrassen.info\/kaninchen\/kleine-rassen\/sachsengold.php\" target=\"_blank\">Info<\/a><\/td><\/tr><tr><td class=\"has-text-align-center\" data-align=\"center\"><strong>Zuchtbuchwart<\/strong><\/td><td class=\"has-text-align-center\" data-align=\"center\"><img decoding=\"async\" loading=\"lazy\" width=\"750\" height=\"563\" class=\"wp-image-199\" style=\"width: 150px;\" src=\"https:\/\/i0.wp.com\/kzv-suedeifel.de\/wp-content\/uploads\/2023\/01\/NobertS.jpg?resize=750%2C563\" alt=\"\" srcset=\"https:\/\/i0.wp.com\/kzv-suedeifel.de\/wp-content\/uploads\/2023\/01\/NobertS.jpg?w=2048 2048w, https:\/\/i0.wp.com\/kzv-suedeifel.de\/wp-content\/uploads\/2023\/01\/NobertS.jpg?resize=300%2C225 300w, https:\/\/i0.wp.com\/kzv-suedeifel.de\/wp-content\/uploads\/2023\/01\/NobertS.jpg?resize=1024%2C768 1024w, https:\/\/i0.wp.com\/kzv-suedeifel.de\/wp-content\/uploads\/2023\/01\/NobertS.jpg?resize=768%2C576 768w, https:\/\/i0.wp.com\/kzv-suedeifel.de\/wp-content\/uploads\/2023\/01\/NobertS.jpg?resize=1536%2C1152 1536w\" sizes=\"(max-width: 750px) 100vw, 750px\" data-recalc-dims=\"1\" \/><\/td><td class=\"has-text-align-center\" data-align=\"center\"><strong>Sonndag Norbert<\/strong><br>Hommerdingerstra\u00dfe 3a,<br> 54675 Nussbaum\/Freilingerh\u00f6he<br><br>Tel.: 06522\/1239<\/td><td class=\"has-text-align-center\" data-align=\"center\">Burgunder <a href=\"https:\/\/www.kaninchenrassen.info\/kaninchen\/grossemittelgrosse-rassen\/burgunder.php\" data-type=\"URL\" data-id=\"https:\/\/www.kaninchenrassen.info\/kaninchen\/grossemittelgrosse-rassen\/burgunder.php\" target=\"_blank\" rel=\"noreferrer noopener\">Info<\/a><\/td><\/tr><\/tbody><\/table><\/figure>\n\n\n\n<p><\/p>\n<\/div><\/div>\n<\/div><\/div>\n<\/div><\/div>\n<\/div><\/div>\n\n\n\n<ul>\n<li><\/li>\n<\/ul>","protected":false},"excerpt":{"rendered":"<p>Kassierer,Jugendwart Bales AlbertHerderstra\u00dfe 8, 54636 Oberweis Tel.: 0151\/24028120a.bales@web.de Dalmatinerrex Schwarz-wei\u00df Info 2. Vorsitzender T\u00e4towiermeister S\u00fcdbereich Barthel WolfgangM\u00fchlenweg 30, 54675 Roth &hellip; <\/p>","protected":false},"author":1,"featured_media":0,"parent":0,"menu_order":0,"comment_status":"closed","ping_status":"closed","template":"","meta":{"_price":"","_stock":"","_tribe_ticket_header":"","_tribe_default_ticket_provider":"","_tribe_ticket_capacity":"0","_ticket_start_date":"","_ticket_end_date":"","_tribe_ticket_show_description":"","_tribe_ticket_show_not_going":false,"_tribe_ticket_use_global_stock":"","_tribe_ticket_global_stock_level":"","_global_stock_mode":"","_global_stock_cap":"","_tribe_rsvp_for_event":"","_tribe_ticket_going_count":"","_tribe_ticket_not_going_count":"","_tribe_tickets_list":[],"_tribe_ticket_has_attendee_info_fields":false},"jetpack-related-posts":[{"id":101,"url":"http:\/\/kzv-suedeifel.de\/en\/jugendarbeit\/","url_meta":{"origin":103,"position":0},"title":"Jugend","author":"admin","date":"25. January 2023","format":false,"excerpt":"Thomes MareikeBrunnenstra\u00dfe 12, 54597 FleringenTel.: 06558\/660Kleinrex castorfarbig Info","rel":"","context":"Similar post","block_context":{"text":"Similar post","link":""},"img":{"alt_text":"","src":"","width":0,"height":0},"classes":[]},{"id":291,"url":"http:\/\/kzv-suedeifel.de\/en\/mitglieder\/","url_meta":{"origin":103,"position":1},"title":"Wir w\u00fcrden uns freuen wenn du uns das folgende Formular ausf\u00fcllen w\u00fcrdest.","author":"admin","date":"1. February 2023","format":false,"excerpt":"","rel":"","context":"Similar post","block_context":{"text":"Similar post","link":""},"img":{"alt_text":"","src":"","width":0,"height":0},"classes":[]},{"id":279,"url":"http:\/\/kzv-suedeifel.de\/en\/datenschutzerklaerung-2\/","url_meta":{"origin":103,"position":2},"title":"Privacy policy","author":"admin","date":"1. February 2023","format":false,"excerpt":"Wer wir sind Die Adresse unserer Website ist: http:\/\/kzv-suedeifel.de. Kommentare Wenn Besucher Kommentare auf der Website schreiben, sammeln wir die Daten, die im Kommentar-Formular angezeigt werden, au\u00dferdem die IP-Adresse des Besuchers und den User-Agent-String (damit wird der Browser identifiziert), um die Erkennung von Spam zu unterst\u00fctzen. Aus deiner E-Mail-Adresse kann\u2026","rel":"","context":"Similar post","block_context":{"text":"Similar post","link":""},"img":{"alt_text":"","src":"","width":0,"height":0},"classes":[]}],"ticketed":false,"_links":{"self":[{"href":"http:\/\/kzv-suedeifel.de\/en\/wp-json\/wp\/v2\/pages\/103"}],"collection":[{"href":"http:\/\/kzv-suedeifel.de\/en\/wp-json\/wp\/v2\/pages"}],"about":[{"href":"http:\/\/kzv-suedeifel.de\/en\/wp-json\/wp\/v2\/types\/page"}],"author":[{"embeddable":true,"href":"http:\/\/kzv-suedeifel.de\/en\/wp-json\/wp\/v2\/users\/1"}],"replies":[{"embeddable":true,"href":"http:\/\/kzv-suedeifel.de\/en\/wp-json\/wp\/v2\/comments?post=103"}],"version-history":[{"count":19,"href":"http:\/\/kzv-suedeifel.de\/en\/wp-json\/wp\/v2\/pages\/103\/revisions"}],"predecessor-version":[{"id":856,"href":"http:\/\/kzv-suedeifel.de\/en\/wp-json\/wp\/v2\/pages\/103\/revisions\/856"}],"wp:attachment":[{"href":"http:\/\/kzv-suedeifel.de\/en\/wp-json\/wp\/v2\/media?parent=103"}],"curies":[{"name":"wp","href":"https:\/\/api.w.org\/{rel}","templated":true}]}}