{"id":291,"date":"2023-02-01T21:12:53","date_gmt":"2023-02-01T21:12:53","guid":{"rendered":"http:\/\/kzv-suedeifel.de\/?page_id=291"},"modified":"2023-02-02T12:55:26","modified_gmt":"2023-02-02T12:55:26","slug":"mitglieder","status":"publish","type":"page","link":"http:\/\/kzv-suedeifel.de\/en\/mitglieder\/","title":{"rendered":"Wir w\u00fcrden uns freuen wenn du uns das folgende Formular ausf\u00fcllen w\u00fcrdest."},"content":{"rendered":"<div class=\"wp-block-jetpack-contact-form\"><a href=\"http:\/\/kzv-suedeifel.de\/en\/mitglieder\/\" target=\"_blank\" rel=\"noopener noreferrer\">Submit a form.<\/a><\/div>","protected":false},"excerpt":{"rendered":"","protected":false},"author":1,"featured_media":0,"parent":0,"menu_order":0,"comment_status":"closed","ping_status":"closed","template":"","meta":{"_price":"","_stock":"","_tribe_ticket_header":"","_tribe_default_ticket_provider":"","_tribe_ticket_capacity":"0","_ticket_start_date":"","_ticket_end_date":"","_tribe_ticket_show_description":"","_tribe_ticket_show_not_going":false,"_tribe_ticket_use_global_stock":"","_tribe_ticket_global_stock_level":"","_global_stock_mode":"","_global_stock_cap":"","_tribe_rsvp_for_event":"","_tribe_ticket_going_count":"","_tribe_ticket_not_going_count":"","_tribe_tickets_list":[],"_tribe_ticket_has_attendee_info_fields":false},"jetpack-related-posts":[{"id":294,"url":"http:\/\/kzv-suedeifel.de\/en\/vereinsgeschichte-2\/","url_meta":{"origin":291,"position":0},"title":"Vereinsgeschichte","author":"admin","date":"1. February 2023","format":false,"excerpt":"Der Verein RN 7 S\u00fcdeifel e. V. wurde am 1.1.2002 gegr\u00fcndet. Es haben sich die VereineRN 15 Speicher,RN 82 Wolsfeld,RN 110 Bitburgzu dem neuen Verein RN7 S\u00fcdeifel e.V. zusammengschlossen. Die Mitgliederzahlen aller 3 Verein sind in den letzten Jahren kontinuierlich gesunken, da nicht gen\u00fcgend neue Z\u00fcchter gefunden wurden. Damit war\u2026","rel":"","context":"Similar post","block_context":{"text":"Similar post","link":""},"img":{"alt_text":"","src":"","width":0,"height":0},"classes":[]},{"id":279,"url":"http:\/\/kzv-suedeifel.de\/en\/datenschutzerklaerung-2\/","url_meta":{"origin":291,"position":1},"title":"Privacy policy","author":"admin","date":"1. February 2023","format":false,"excerpt":"Wer wir sind Die Adresse unserer Website ist: http:\/\/kzv-suedeifel.de. Kommentare Wenn Besucher Kommentare auf der Website schreiben, sammeln wir die Daten, die im Kommentar-Formular angezeigt werden, au\u00dferdem die IP-Adresse des Besuchers und den User-Agent-String (damit wird der Browser identifiziert), um die Erkennung von Spam zu unterst\u00fctzen. Aus deiner E-Mail-Adresse kann\u2026","rel":"","context":"Similar post","block_context":{"text":"Similar post","link":""},"img":{"alt_text":"","src":"","width":0,"height":0},"classes":[]},{"id":101,"url":"http:\/\/kzv-suedeifel.de\/en\/jugendarbeit\/","url_meta":{"origin":291,"position":2},"title":"Jugend","author":"admin","date":"25. January 2023","format":false,"excerpt":"Thomes MareikeBrunnenstra\u00dfe 12, 54597 FleringenTel.: 06558\/660Kleinrex castorfarbig Info","rel":"","context":"Similar post","block_context":{"text":"Similar post","link":""},"img":{"alt_text":"","src":"","width":0,"height":0},"classes":[]},{"id":103,"url":"http:\/\/kzv-suedeifel.de\/en\/senioren\/","url_meta":{"origin":291,"position":3},"title":"Senioren","author":"admin","date":"25. January 2023","format":false,"excerpt":"Kassierer,JugendwartBales AlbertHerderstra\u00dfe 8, 54636 OberweisTel.: 0151\/24028120a.bales@web.deDalmatinerrex Schwarz-wei\u00df Info2. VorsitzenderT\u00e4towiermeister S\u00fcdbereichBarthel WolfgangM\u00fchlenweg 30, 54675 Roth an der OurTel.: 06566\/491Barthel-Roth@t-online.deRiesenschecke schwarz-wei\u00df InfoLohkaninchen schwarz InfoT\u00e4towiermeister NordbereichHuppertz HorstLuxemburgerstra\u00dfe 57,B-4780 St. VithTel.: 0032\/472279057horst.huppertz@gmail.comFacebookZwergwidder Rex blau InfoZwergwidder Rex wei\u00df BA InfoFarbenzwerg wildfarben(Standard Deutschland) InfoFarbenzwerg eisengrau(Standard Deutschland) InfoFarbenzwerg dunkelgrau(Standard Deutschland) InfoFarbenzwerg schwarz(Standard Deutschland) Info1. Vorsitzender,kommesarischer Schriftf\u00fchrer,WebmasterMarxen FrankAm\u2026","rel":"","context":"Similar post","block_context":{"text":"Similar post","link":""},"img":{"alt_text":"","src":"","width":0,"height":0},"classes":[]}],"ticketed":false,"_links":{"self":[{"href":"http:\/\/kzv-suedeifel.de\/en\/wp-json\/wp\/v2\/pages\/291"}],"collection":[{"href":"http:\/\/kzv-suedeifel.de\/en\/wp-json\/wp\/v2\/pages"}],"about":[{"href":"http:\/\/kzv-suedeifel.de\/en\/wp-json\/wp\/v2\/types\/page"}],"author":[{"embeddable":true,"href":"http:\/\/kzv-suedeifel.de\/en\/wp-json\/wp\/v2\/users\/1"}],"replies":[{"embeddable":true,"href":"http:\/\/kzv-suedeifel.de\/en\/wp-json\/wp\/v2\/comments?post=291"}],"version-history":[{"count":6,"href":"http:\/\/kzv-suedeifel.de\/en\/wp-json\/wp\/v2\/pages\/291\/revisions"}],"predecessor-version":[{"id":348,"href":"http:\/\/kzv-suedeifel.de\/en\/wp-json\/wp\/v2\/pages\/291\/revisions\/348"}],"wp:attachment":[{"href":"http:\/\/kzv-suedeifel.de\/en\/wp-json\/wp\/v2\/media?parent=291"}],"curies":[{"name":"wp","href":"https:\/\/api.w.org\/{rel}","templated":true}]}}